{"id":129,"date":"2023-03-12T07:52:23","date_gmt":"2023-03-12T07:52:23","guid":{"rendered":"https:\/\/rudi-zampa.at\/?page_id=129"},"modified":"2024-12-22T19:02:51","modified_gmt":"2024-12-22T19:02:51","slug":"trainer","status":"publish","type":"page","link":"https:\/\/rudi-zampa.at\/?page_id=129","title":{"rendered":"Trainer"},"content":{"rendered":"\n<p><br><\/p>\n\n\n\n<div class=\"wp-block-media-text alignwide is-stacked-on-mobile\"><figure class=\"wp-block-media-text__media\"><img loading=\"lazy\" decoding=\"async\" width=\"971\" height=\"1024\" src=\"https:\/\/rudi-zampa.at\/wp-content\/uploads\/2023\/03\/rudi-971x1024.jpg\" alt=\"\" class=\"wp-image-257 size-full\" srcset=\"https:\/\/rudi-zampa.at\/wp-content\/uploads\/2023\/03\/rudi-971x1024.jpg 971w, https:\/\/rudi-zampa.at\/wp-content\/uploads\/2023\/03\/rudi-285x300.jpg 285w, https:\/\/rudi-zampa.at\/wp-content\/uploads\/2023\/03\/rudi-768x810.jpg 768w, https:\/\/rudi-zampa.at\/wp-content\/uploads\/2023\/03\/rudi-1457x1536.jpg 1457w, https:\/\/rudi-zampa.at\/wp-content\/uploads\/2023\/03\/rudi-1943x2048.jpg 1943w, https:\/\/rudi-zampa.at\/wp-content\/uploads\/2023\/03\/rudi-1024x1079.jpg 1024w\" sizes=\"auto, (max-width: 971px) 100vw, 971px\" \/><\/figure><div class=\"wp-block-media-text__content\">\n<p><strong>Ing. Rudolf Zampa<\/strong><br>Pr\u00e4sident des Vereines Okinawa Goju Ryu Karate-Do Schwechat<br>6. Dan Goju Ryu Jundokan<br>3. Dan Ryukyu Kobudo<br>Staatlich gepr\u00fcfter Trainer in Karate<br>Gepr\u00fcfter \u00dcbungsleiter in Kobudo<\/p>\n<\/div><\/div>\n\n\n\n<p><\/p>\n\n\n\n<div class=\"wp-block-media-text alignwide is-stacked-on-mobile\"><figure class=\"wp-block-media-text__media\"><img loading=\"lazy\" decoding=\"async\" width=\"976\" height=\"1024\" src=\"https:\/\/rudi-zampa.at\/wp-content\/uploads\/2023\/03\/erich-976x1024.jpg\" alt=\"\" class=\"wp-image-256 size-full\" srcset=\"https:\/\/rudi-zampa.at\/wp-content\/uploads\/2023\/03\/erich-976x1024.jpg 976w, https:\/\/rudi-zampa.at\/wp-content\/uploads\/2023\/03\/erich-286x300.jpg 286w, https:\/\/rudi-zampa.at\/wp-content\/uploads\/2023\/03\/erich-768x806.jpg 768w, https:\/\/rudi-zampa.at\/wp-content\/uploads\/2023\/03\/erich-1464x1536.jpg 1464w, https:\/\/rudi-zampa.at\/wp-content\/uploads\/2023\/03\/erich-1951x2048.jpg 1951w, https:\/\/rudi-zampa.at\/wp-content\/uploads\/2023\/03\/erich-1024x1075.jpg 1024w, https:\/\/rudi-zampa.at\/wp-content\/uploads\/2023\/03\/erich.jpg 1999w\" sizes=\"auto, (max-width: 976px) 100vw, 976px\" \/><\/figure><div class=\"wp-block-media-text__content\">\n<p><strong>Erich Scheder<\/strong><br>4. Dan Goju Ryu Jundokan<br>Gepr\u00fcfter \u00dcbungsleiter in Karate<\/p>\n<\/div><\/div>\n","protected":false},"excerpt":{"rendered":"<p>Ing. Rudolf ZampaPr\u00e4sident des Vereines Okinawa Goju Ryu Karate-Do Schwechat6. Dan Goju Ryu Jundokan3. Dan Ryukyu KobudoStaatlich gepr\u00fcfter Trainer in KarateGepr\u00fcfter \u00dcbungsleiter in Kobudo Erich Scheder4. Dan Goju Ryu JundokanGepr\u00fcfter \u00dcbungsleiter in Karate<\/p>\n","protected":false},"author":1,"featured_media":0,"parent":0,"menu_order":0,"comment_status":"closed","ping_status":"closed","template":"","meta":{"ngg_post_thumbnail":0,"footnotes":""},"class_list":["post-129","page","type-page","status-publish","hentry"],"yoast_head":"<!-- This site is optimized with the Yoast SEO plugin v27.4 - https:\/\/yoast.com\/product\/yoast-seo-wordpress\/ -->\n<title>Trainer - Goju Ryu &amp; Ryukyu Kobudo<\/title>\n<meta name=\"robots\" content=\"index, follow, max-snippet:-1, max-image-preview:large, max-video-preview:-1\" \/>\n<link rel=\"canonical\" href=\"https:\/\/rudi-zampa.at\/?page_id=129\" \/>\n<meta property=\"og:locale\" content=\"de_DE\" \/>\n<meta property=\"og:type\" content=\"article\" \/>\n<meta property=\"og:title\" content=\"Trainer - Goju Ryu &amp; Ryukyu Kobudo\" \/>\n<meta property=\"og:description\" content=\"Ing. Rudolf ZampaPr\u00e4sident des Vereines Okinawa Goju Ryu Karate-Do Schwechat6. Dan Goju Ryu Jundokan3. Dan Ryukyu KobudoStaatlich gepr\u00fcfter Trainer in KarateGepr\u00fcfter \u00dcbungsleiter in Kobudo Erich Scheder4. Dan Goju Ryu JundokanGepr\u00fcfter \u00dcbungsleiter in Karate\" \/>\n<meta property=\"og:url\" content=\"https:\/\/rudi-zampa.at\/?page_id=129\" \/>\n<meta property=\"og:site_name\" content=\"Goju Ryu &amp; Ryukyu Kobudo\" \/>\n<meta property=\"article:publisher\" content=\"https:\/\/www.facebook.com\/profile.php?id=100064171203431\" \/>\n<meta property=\"article:modified_time\" content=\"2024-12-22T19:02:51+00:00\" \/>\n<meta property=\"og:image\" content=\"https:\/\/rudi-zampa.at\/wp-content\/uploads\/2023\/03\/rudi.jpg\" \/>\n\t<meta property=\"og:image:width\" content=\"2235\" \/>\n\t<meta property=\"og:image:height\" content=\"2356\" \/>\n\t<meta property=\"og:image:type\" content=\"image\/jpeg\" \/>\n<meta name=\"twitter:card\" content=\"summary_large_image\" \/>\n<meta name=\"twitter:label1\" content=\"Gesch\u00e4tzte Lesezeit\" \/>\n\t<meta name=\"twitter:data1\" content=\"1\u00a0Minute\" \/>\n<script type=\"application\/ld+json\" class=\"yoast-schema-graph\">{\"@context\":\"https:\\\/\\\/schema.org\",\"@graph\":[{\"@type\":\"WebPage\",\"@id\":\"https:\\\/\\\/rudi-zampa.at\\\/?page_id=129\",\"url\":\"https:\\\/\\\/rudi-zampa.at\\\/?page_id=129\",\"name\":\"Trainer - Goju Ryu &amp; Ryukyu Kobudo\",\"isPartOf\":{\"@id\":\"https:\\\/\\\/rudi-zampa.at\\\/#website\"},\"primaryImageOfPage\":{\"@id\":\"https:\\\/\\\/rudi-zampa.at\\\/?page_id=129#primaryimage\"},\"image\":{\"@id\":\"https:\\\/\\\/rudi-zampa.at\\\/?page_id=129#primaryimage\"},\"thumbnailUrl\":\"https:\\\/\\\/rudi-zampa.at\\\/wp-content\\\/uploads\\\/2023\\\/03\\\/rudi-971x1024.jpg\",\"datePublished\":\"2023-03-12T07:52:23+00:00\",\"dateModified\":\"2024-12-22T19:02:51+00:00\",\"breadcrumb\":{\"@id\":\"https:\\\/\\\/rudi-zampa.at\\\/?page_id=129#breadcrumb\"},\"inLanguage\":\"de\",\"potentialAction\":[{\"@type\":\"ReadAction\",\"target\":[\"https:\\\/\\\/rudi-zampa.at\\\/?page_id=129\"]}]},{\"@type\":\"ImageObject\",\"inLanguage\":\"de\",\"@id\":\"https:\\\/\\\/rudi-zampa.at\\\/?page_id=129#primaryimage\",\"url\":\"https:\\\/\\\/rudi-zampa.at\\\/wp-content\\\/uploads\\\/2023\\\/03\\\/rudi.jpg\",\"contentUrl\":\"https:\\\/\\\/rudi-zampa.at\\\/wp-content\\\/uploads\\\/2023\\\/03\\\/rudi.jpg\",\"width\":2235,\"height\":2356},{\"@type\":\"BreadcrumbList\",\"@id\":\"https:\\\/\\\/rudi-zampa.at\\\/?page_id=129#breadcrumb\",\"itemListElement\":[{\"@type\":\"ListItem\",\"position\":1,\"name\":\"Startseite\",\"item\":\"https:\\\/\\\/rudi-zampa.at\\\/\"},{\"@type\":\"ListItem\",\"position\":2,\"name\":\"Trainer\"}]},{\"@type\":\"WebSite\",\"@id\":\"https:\\\/\\\/rudi-zampa.at\\\/#website\",\"url\":\"https:\\\/\\\/rudi-zampa.at\\\/\",\"name\":\"Goju Ryu &amp; Ryukyu Kobudo\",\"description\":\"powered by Rudi Zampa\",\"publisher\":{\"@id\":\"https:\\\/\\\/rudi-zampa.at\\\/#organization\"},\"potentialAction\":[{\"@type\":\"SearchAction\",\"target\":{\"@type\":\"EntryPoint\",\"urlTemplate\":\"https:\\\/\\\/rudi-zampa.at\\\/?s={search_term_string}\"},\"query-input\":{\"@type\":\"PropertyValueSpecification\",\"valueRequired\":true,\"valueName\":\"search_term_string\"}}],\"inLanguage\":\"de\"},{\"@type\":\"Organization\",\"@id\":\"https:\\\/\\\/rudi-zampa.at\\\/#organization\",\"name\":\"Goju Ryu &amp; Ryukyu Kobudo\",\"url\":\"https:\\\/\\\/rudi-zampa.at\\\/\",\"logo\":{\"@type\":\"ImageObject\",\"inLanguage\":\"de\",\"@id\":\"https:\\\/\\\/rudi-zampa.at\\\/#\\\/schema\\\/logo\\\/image\\\/\",\"url\":\"https:\\\/\\\/rudi-zampa.at\\\/wp-content\\\/uploads\\\/2023\\\/03\\\/Shimbukan-1-e1678436112858.jpg\",\"contentUrl\":\"https:\\\/\\\/rudi-zampa.at\\\/wp-content\\\/uploads\\\/2023\\\/03\\\/Shimbukan-1-e1678436112858.jpg\",\"width\":1530,\"height\":465,\"caption\":\"Goju Ryu &amp; Ryukyu Kobudo\"},\"image\":{\"@id\":\"https:\\\/\\\/rudi-zampa.at\\\/#\\\/schema\\\/logo\\\/image\\\/\"},\"sameAs\":[\"https:\\\/\\\/www.facebook.com\\\/profile.php?id=100064171203431\"]}]}<\/script>\n<!-- \/ Yoast SEO plugin. -->","yoast_head_json":{"title":"Trainer - Goju Ryu &amp; Ryukyu Kobudo","robots":{"index":"index","follow":"follow","max-snippet":"max-snippet:-1","max-image-preview":"max-image-preview:large","max-video-preview":"max-video-preview:-1"},"canonical":"https:\/\/rudi-zampa.at\/?page_id=129","og_locale":"de_DE","og_type":"article","og_title":"Trainer - Goju Ryu &amp; Ryukyu Kobudo","og_description":"Ing. Rudolf ZampaPr\u00e4sident des Vereines Okinawa Goju Ryu Karate-Do Schwechat6. Dan Goju Ryu Jundokan3. Dan Ryukyu KobudoStaatlich gepr\u00fcfter Trainer in KarateGepr\u00fcfter \u00dcbungsleiter in Kobudo Erich Scheder4. Dan Goju Ryu JundokanGepr\u00fcfter \u00dcbungsleiter in Karate","og_url":"https:\/\/rudi-zampa.at\/?page_id=129","og_site_name":"Goju Ryu &amp; Ryukyu Kobudo","article_publisher":"https:\/\/www.facebook.com\/profile.php?id=100064171203431","article_modified_time":"2024-12-22T19:02:51+00:00","og_image":[{"width":2235,"height":2356,"url":"https:\/\/rudi-zampa.at\/wp-content\/uploads\/2023\/03\/rudi.jpg","type":"image\/jpeg"}],"twitter_card":"summary_large_image","twitter_misc":{"Gesch\u00e4tzte Lesezeit":"1\u00a0Minute"},"schema":{"@context":"https:\/\/schema.org","@graph":[{"@type":"WebPage","@id":"https:\/\/rudi-zampa.at\/?page_id=129","url":"https:\/\/rudi-zampa.at\/?page_id=129","name":"Trainer - Goju Ryu &amp; Ryukyu Kobudo","isPartOf":{"@id":"https:\/\/rudi-zampa.at\/#website"},"primaryImageOfPage":{"@id":"https:\/\/rudi-zampa.at\/?page_id=129#primaryimage"},"image":{"@id":"https:\/\/rudi-zampa.at\/?page_id=129#primaryimage"},"thumbnailUrl":"https:\/\/rudi-zampa.at\/wp-content\/uploads\/2023\/03\/rudi-971x1024.jpg","datePublished":"2023-03-12T07:52:23+00:00","dateModified":"2024-12-22T19:02:51+00:00","breadcrumb":{"@id":"https:\/\/rudi-zampa.at\/?page_id=129#breadcrumb"},"inLanguage":"de","potentialAction":[{"@type":"ReadAction","target":["https:\/\/rudi-zampa.at\/?page_id=129"]}]},{"@type":"ImageObject","inLanguage":"de","@id":"https:\/\/rudi-zampa.at\/?page_id=129#primaryimage","url":"https:\/\/rudi-zampa.at\/wp-content\/uploads\/2023\/03\/rudi.jpg","contentUrl":"https:\/\/rudi-zampa.at\/wp-content\/uploads\/2023\/03\/rudi.jpg","width":2235,"height":2356},{"@type":"BreadcrumbList","@id":"https:\/\/rudi-zampa.at\/?page_id=129#breadcrumb","itemListElement":[{"@type":"ListItem","position":1,"name":"Startseite","item":"https:\/\/rudi-zampa.at\/"},{"@type":"ListItem","position":2,"name":"Trainer"}]},{"@type":"WebSite","@id":"https:\/\/rudi-zampa.at\/#website","url":"https:\/\/rudi-zampa.at\/","name":"Goju Ryu &amp; Ryukyu Kobudo","description":"powered by Rudi Zampa","publisher":{"@id":"https:\/\/rudi-zampa.at\/#organization"},"potentialAction":[{"@type":"SearchAction","target":{"@type":"EntryPoint","urlTemplate":"https:\/\/rudi-zampa.at\/?s={search_term_string}"},"query-input":{"@type":"PropertyValueSpecification","valueRequired":true,"valueName":"search_term_string"}}],"inLanguage":"de"},{"@type":"Organization","@id":"https:\/\/rudi-zampa.at\/#organization","name":"Goju Ryu &amp; Ryukyu Kobudo","url":"https:\/\/rudi-zampa.at\/","logo":{"@type":"ImageObject","inLanguage":"de","@id":"https:\/\/rudi-zampa.at\/#\/schema\/logo\/image\/","url":"https:\/\/rudi-zampa.at\/wp-content\/uploads\/2023\/03\/Shimbukan-1-e1678436112858.jpg","contentUrl":"https:\/\/rudi-zampa.at\/wp-content\/uploads\/2023\/03\/Shimbukan-1-e1678436112858.jpg","width":1530,"height":465,"caption":"Goju Ryu &amp; Ryukyu Kobudo"},"image":{"@id":"https:\/\/rudi-zampa.at\/#\/schema\/logo\/image\/"},"sameAs":["https:\/\/www.facebook.com\/profile.php?id=100064171203431"]}]}},"_links":{"self":[{"href":"https:\/\/rudi-zampa.at\/index.php?rest_route=\/wp\/v2\/pages\/129","targetHints":{"allow":["GET"]}}],"collection":[{"href":"https:\/\/rudi-zampa.at\/index.php?rest_route=\/wp\/v2\/pages"}],"about":[{"href":"https:\/\/rudi-zampa.at\/index.php?rest_route=\/wp\/v2\/types\/page"}],"author":[{"embeddable":true,"href":"https:\/\/rudi-zampa.at\/index.php?rest_route=\/wp\/v2\/users\/1"}],"replies":[{"embeddable":true,"href":"https:\/\/rudi-zampa.at\/index.php?rest_route=%2Fwp%2Fv2%2Fcomments&post=129"}],"version-history":[{"count":13,"href":"https:\/\/rudi-zampa.at\/index.php?rest_route=\/wp\/v2\/pages\/129\/revisions"}],"predecessor-version":[{"id":499,"href":"https:\/\/rudi-zampa.at\/index.php?rest_route=\/wp\/v2\/pages\/129\/revisions\/499"}],"wp:attachment":[{"href":"https:\/\/rudi-zampa.at\/index.php?rest_route=%2Fwp%2Fv2%2Fmedia&parent=129"}],"curies":[{"name":"wp","href":"https:\/\/api.w.org\/{rel}","templated":true}]}}