{"id":23,"date":"2023-03-10T07:30:03","date_gmt":"2023-03-10T07:30:03","guid":{"rendered":"https:\/\/rudi-zampa.at\/?page_id=23"},"modified":"2023-03-17T18:29:02","modified_gmt":"2023-03-17T18:29:02","slug":"impressum-dsgvo","status":"publish","type":"page","link":"https:\/\/rudi-zampa.at\/?page_id=23","title":{"rendered":"Impressum &amp; DSGVO"},"content":{"rendered":"\n<p class=\"has-medium-font-size\"><strong>Allgemeines<\/strong><\/p>\n\n\n\n<p>Die Inhalte erheben keinen Anspruch auf Vollst\u00e4ndigkeit. Der Betreiber weist darauf hin, dass die vorgezeigten Inhalte immer von ausgebildetem Personal gelehrt und vermittelt werden sollen und \u00fcbernimmt keine Haftung auf Grund von Verst\u00f6\u00dfen und Verletzungen jeglicher Art.<\/p>\n\n\n\n<p><strong>Urheberrecht<\/strong><\/p>\n\n\n\n<p>Die, durch den Seitenbetreiber <a href=\"mailto:jundokan@rudi-zampa.at\">jundokan@rudi-zampa.at<\/a>\/ Inh. Ing. Rudolf Zampa, erstellten Inhalte und Werke, unterliegen dem \u00d6sterreichischen Urheberrecht.<br>Jegliche Art der Vervielf\u00e4ltigung, Bearbeitung, Verbreitung und Verwertung sind zu unterlassen bzw. bedarf einer ausdr\u00fccklichen, schriftlichen Genehmigung der Seitenbetreiber <a href=\"mailto:jundokan@rudi-zampa.at\">jundokan@rudi-zampa.at<\/a>\/ Inh. Ing. Rudolf Zampa.<br>Der Inhalt dieser Webseite wurde sorgf\u00e4ltig gepr\u00fcft und wurde nach bestem Wissen erstellt.<br>Dennoch kann keine Anspruch auf Vollst\u00e4ndigkeit, Aktualit\u00e4t und Richtigkeit der hier dargebotenen Informationen garantiert werden.<\/p>\n\n\n\n<p><strong>Datenschutzerkl\u00e4rung<\/strong><br>Der Schutz Ihrer pers\u00f6nlichen Daten ist uns ein besonderes Anliegen. Wir verarbeiten Ihre Daten daher ausschlie\u00dflich auf Grundlage der gesetzlichen Bestimmungen (DSGVO, TKG 2003). In diesen Datenschutzinformationen informieren wir Sie \u00fcber die wichtigsten Aspekte der Datenverarbeitung im Rahmen unserer Webseite.<\/p>\n\n\n\n<p>Beim Besuch unserer Webseite wird Ihre IP-Adresse, Beginn und Ende der Sitzung f\u00fcr die Dauer dieser Sitzung erfasst. Dies ist technisch bedingt und stellt damit ein berechtigtes Interesse iSv Art 6 Abs 1 lit f DSGVO dar. Soweit im Folgenden nichts anderes geregelt wird, werden diese Daten von uns nicht weiterverarbeitet.<\/p>\n\n\n\n<p>Wenn Sie per Formular auf der Webseite oder per E-Mail Kontakt mit uns aufnehmen, werden Ihre angegebenen Daten zwecks Bearbeitung der Anfrage und f\u00fcr den Fall von Anschlussfragen sechs Monate bei uns gespeichert. Diese Daten geben wir nicht ohne Ihre Einwilligung weiter.&nbsp;<\/p>\n\n\n\n<p><strong>Cookies<\/strong><\/p>\n\n\n\n<p>Unsere Webseite verwendet so genannte Cookies. Dabei handelt es sich um kleine Textdateien, die mit Hilfe des Browsers auf Ihrem Endger\u00e4t abgelegt werden. Sie sind harmlos.<\/p>\n\n\n\n<p>Wir nutzen Cookies dazu, unser Angebot nutzerfreundlich zu gestalten. Einige Cookies bleiben auf Ihrem Endger\u00e4t gespeichert, bis Sie diese l\u00f6schen. Sie erm\u00f6glichen es uns, Ihren Browser beim n\u00e4chsten Besuch wiederzuerkennen.<\/p>\n\n\n\n<p>Wenn Sie dies nicht w\u00fcnschen, so k\u00f6nnen Sie Ihren Browser so einrichten, dass er Sie \u00fcber das Setzen von Cookies informiert und Sie dies nur im Einzelfall erlauben.<\/p>\n\n\n\n<p>Bei der Deaktivierung von Cookies kann die Funktionalit\u00e4t unserer Webseite eingeschr\u00e4nkt sein.<\/p>\n\n\n\n<p><strong>Kontakt mit uns<\/strong><br>Wenn Sie per Formular auf der Webseite oder per E-Mail Kontakt mit uns aufnehmen, werden Ihre angegebenen Daten zwecks Bearbeitung der Anfrage und f\u00fcr den Fall von Anschlussfragen sechs Monate bei uns gespeichert. Diese Daten geben wir ohne Ihre Einwilligung nicht weiter.<\/p>\n\n\n\n<p><strong>Datenspeicherung und Ihre Rechte<\/strong><br>Zum Zweck der Kontaktaufnahme werden folgende Daten bei uns gespeichert:&nbsp;<em>[Dein Name, Deine Emailadresse, Betreff, Deine Nachrichte]<\/em>. Eine Daten\u00fcbermittlung an Dritte erfolgt nicht. Ihnen stehen grunds\u00e4tzlich die Rechte auf Auskunft, Berichtigung, L\u00f6schung, Einschr\u00e4nkung, Daten\u00fcbertragbarkeit, Widerruf und Widerspruch zu. Wenn Sie glauben, dass die Verarbeitung Ihrer Daten gegen das Datenschutzrecht verst\u00f6\u00dft oder Ihre datenschutzrechtlichen Anspr\u00fcche sonst in einer Weise verletzt worden sind, k\u00f6nnen Sie sich bei der Aufsichtsbeh\u00f6rde beschweren. In \u00d6sterreich ist dies die Datenschutzbeh\u00f6rde.<\/p>\n\n\n\n<p><strong>Links<\/strong><br>Trotz sorgf\u00e4ltiger inhaltlicher Kontrolle, \u00fcbernehme ich keine Haftung f\u00fcr die Inhalte externer Links. F\u00fcr den Inhalt der verlinkten Seite, sind ausschlie\u00dflich dessen Betreiber zust\u00e4ndig.<\/p>\n\n\n\n<p><strong>Web-Analyse<\/strong><\/p>\n\n\n\n<p><em>Hinweise zur Datenverarbeitung im Zusammenhang mit Google Analytics<\/em><\/p>\n\n\n\n<p>Diese Webseite benutzt Google Analytics, einen Webanalysedienst der Google Ireland Limited. Wenn der Verantwortliche f\u00fcr die Datenverarbeitung auf dieser Webseite au\u00dferhalb des Europ\u00e4ischen Wirtschaftsraumes oder der Schweiz sitzt, dann erfolgt die Google Analytics Datenverarbeitung durch Google LLC. Google LLC und Google Ireland Limited werden nachfolgend &#8222;Google&#8220; genannt.<br><br>Google Analytics verwendet sog. &#8222;Cookies&#8220;, Textdateien, die auf dem Computer des Seitenbesuchers gespeichert werden und die eine Analyse der Benutzung der Webseite durch den Seitenbesucher erm\u00f6glichen. Die durch das Cookie erzeugten Informationen \u00fcber die Benutzung dieser Webseite durch den Seitenbesucher (einschlie\u00dflich der gek\u00fcrzten IP-Adresse) werden in der Regel an einen Server von Google \u00fcbertragen und dort gespeichert.<br><br>Google Analytics wird ausschlie\u00dflich mit der Erweiterung &#8222;_anonymizeIp()&#8220; auf dieser Webseite verwendet. Diese Erweiterung stellt eine Anonymisierung der IP-Adresse durch K\u00fcrzung sicher und schlie\u00dft eine direkte Personenbeziehbarkeit aus. Durch die Erweiterung wird die IP-Adresse von Google innerhalb von Mitgliedstaaten der Europ\u00e4ischen Union oder in anderen Vertragsstaaten des Abkommens \u00fcber den Europ\u00e4ischen Wirtschaftsraum zuvor gek\u00fcrzt. Nur in Ausnahmef\u00e4llen wird die volle IP-Adresse an einen Server von Google in den USA \u00fcbertragen und dort gek\u00fcrzt. Die im Rahmen von Google Analytics von dem entsprechenden Browser \u00fcbermittelte IP-Adresse wird nicht mit anderen Daten von Google zusammengef\u00fchrt.<br><br>Im Auftrag des Seitenbetreibers wird Google die anfallenden Informationen benutzen, um die Nutzung der Webseite auszuwerten, um Reports \u00fcber die Webseiteaktivit\u00e4ten zusammenzustellen und um weitere mit der Webseitenutzung und der Internetnutzung verbundene Dienstleistungen dem Seitenbetreiber gegen\u00fcber zu erbringen (Art. 6 Abs. 1 lit. f DSGVO). Das berechtigte Interesse an der Datenverarbeitung liegt in der Optimierung dieser Webesite, der Analyse der Benutzung der Webseite und der Anpassung der Inhalte. Die Interessen der Nutzer werden durch die Pseudonymisierung hinreichend gewahrt.<br><br>Google LLC. bietet eine Garantie auf Basis der Standardvertragsklauseln ein angemessenes Datenschutzniveau einzuhalten. Die gesendeten und mit Cookies, Nutzerkennungen (z. B. User-ID) oder Werbe-IDs verkn\u00fcpften Daten werden nach 50 Monaten automatisch gel\u00f6scht. Die L\u00f6schung von Daten, deren Aufbewahrungsdauer erreicht ist, erfolgt automatisch einmal im Monat.<br><br>Die Erfassung durch Google Analytics kann verhindert werden, indem der Seitenbesucher die Cookie-Einstellungen f\u00fcr diese Webseite anpasst. Der Erfassung und Speicherung der IP-Adresse und der durch Cookies erzeugten Daten kann au\u00dferdem jederzeit mit Wirkung f\u00fcr die Zukunft widersprochen werden. Das entsprechende Browser- Plugin kann unter dem folgenden Link heruntergeladen und installiert werden:&nbsp;<a rel=\"noreferrer noopener\" href=\"http:\/\/tools.google.com\/dlpage\/gaoptout\" target=\"_blank\">https:\/\/tools.google.com\/dlpage\/gaoptout<\/a>.<br><br>Der Seitenbesucher kann die Erfassung durch Google Analytics auf dieser Webseite verhindern, indem er auf folgenden&nbsp;<a href=\"javascript:%20gaOptOut([%22UA-24232538-84%22,%20%22UA-60135573-1%22]);\">Link<\/a>&nbsp;klickt. Es wird ein Opt-Out-Cookie gesetzt, der die zuk\u00fcnftige Erfassung der Daten beim Besuch dieser Webseite verhindert.<br><br>Weitere Informationen zur Datennutzung durch Google, Einstellungs- und Widerspruchsm\u00f6glichkeiten, finden sich in der Datenschutzerkl\u00e4rung von Google (<a rel=\"noreferrer noopener\" href=\"https:\/\/policies.google.com\/privacy\" target=\"_blank\">https:\/\/policies.google.com\/privacy<\/a>) sowie in den Einstellungen f\u00fcr die Darstellung von Werbeeinblendungen durch Google (<a rel=\"noreferrer noopener\" href=\"https:\/\/adssettings.google.com\/authenticated\" target=\"_blank\">https:\/\/adssettings.google.com\/authenticated<\/a>).<\/p>\n\n\n\n<p>Ihre Rechte<\/p>\n\n\n\n<p>Ihnen stehen bez\u00fcglich Ihrer bei uns gespeicherten Daten\u00a0grunds\u00e4tzlich die Rechte auf Auskunft, Berichtigung, L\u00f6schung, Einschr\u00e4nkung, Daten\u00fcbertragbarkeit, Widerruf und Widerspruch zu. Wenn Sie glauben, dass die Verarbeitung Ihrer Daten gegen das Datenschutzrecht verst\u00f6\u00dft oder Ihre datenschutzrechtlichen Anspr\u00fcche sonst in einer Weise verletzt worden sind, k\u00f6nnen Sie sich bei der\u00a0uns\u00a0<a href=\"mailto:office@karateka.at\"><a href=\"mailto:jundokan@rudi-zampa.at\">jundokan@rudi-zampa.at<\/a><\/a> oder der Datenschutzbeh\u00f6rde beschweren.<\/p>\n\n\n\n<p><strong>Kontakt<\/strong><br>Inh. Ing. Rudolf Zampa<br><a href=\"mailto:jundokan@rudi-zampa.at\">jundokan@rudi-zampa.at<\/a><br>Tel.: +43\/660 358 2042<br>www.rudi-zampa.at<\/p>\n","protected":false},"excerpt":{"rendered":"<p>Allgemeines Die Inhalte erheben keinen Anspruch auf Vollst\u00e4ndigkeit. Der Betreiber weist darauf hin, dass die vorgezeigten Inhalte immer von ausgebildetem Personal gelehrt und vermittelt werden sollen und \u00fcbernimmt keine Haftung auf Grund von Verst\u00f6\u00dfen und Verletzungen jeglicher Art. Urheberrecht Die, durch den Seitenbetreiber jundokan@rudi-zampa.at\/ Inh. Ing. Rudolf Zampa, erstellten Inhalte und Werke, unterliegen dem \u00d6sterreichischen [&hellip;]<\/p>\n","protected":false},"author":1,"featured_media":0,"parent":0,"menu_order":0,"comment_status":"closed","ping_status":"closed","template":"","meta":{"ngg_post_thumbnail":0,"footnotes":""},"class_list":["post-23","page","type-page","status-publish","hentry"],"yoast_head":"<!-- This site is optimized with the Yoast SEO plugin v27.4 - https:\/\/yoast.com\/product\/yoast-seo-wordpress\/ -->\n<title>Impressum &amp; DSGVO - Goju Ryu &amp; Ryukyu Kobudo<\/title>\n<meta name=\"robots\" content=\"index, follow, max-snippet:-1, max-image-preview:large, max-video-preview:-1\" \/>\n<link rel=\"canonical\" href=\"https:\/\/rudi-zampa.at\/?page_id=23\" \/>\n<meta property=\"og:locale\" content=\"de_DE\" \/>\n<meta property=\"og:type\" content=\"article\" \/>\n<meta property=\"og:title\" content=\"Impressum &amp; DSGVO - Goju Ryu &amp; Ryukyu Kobudo\" \/>\n<meta property=\"og:description\" content=\"Allgemeines Die Inhalte erheben keinen Anspruch auf Vollst\u00e4ndigkeit. Der Betreiber weist darauf hin, dass die vorgezeigten Inhalte immer von ausgebildetem Personal gelehrt und vermittelt werden sollen und \u00fcbernimmt keine Haftung auf Grund von Verst\u00f6\u00dfen und Verletzungen jeglicher Art. Urheberrecht Die, durch den Seitenbetreiber jundokan@rudi-zampa.at\/ Inh. Ing. Rudolf Zampa, erstellten Inhalte und Werke, unterliegen dem \u00d6sterreichischen [&hellip;]\" \/>\n<meta property=\"og:url\" content=\"https:\/\/rudi-zampa.at\/?page_id=23\" \/>\n<meta property=\"og:site_name\" content=\"Goju Ryu &amp; Ryukyu Kobudo\" \/>\n<meta property=\"article:publisher\" content=\"https:\/\/www.facebook.com\/profile.php?id=100064171203431\" \/>\n<meta property=\"article:modified_time\" content=\"2023-03-17T18:29:02+00:00\" \/>\n<meta name=\"twitter:card\" content=\"summary_large_image\" \/>\n<meta name=\"twitter:label1\" content=\"Gesch\u00e4tzte Lesezeit\" \/>\n\t<meta name=\"twitter:data1\" content=\"5\u00a0Minuten\" \/>\n<script type=\"application\/ld+json\" class=\"yoast-schema-graph\">{\"@context\":\"https:\\\/\\\/schema.org\",\"@graph\":[{\"@type\":\"WebPage\",\"@id\":\"https:\\\/\\\/rudi-zampa.at\\\/?page_id=23\",\"url\":\"https:\\\/\\\/rudi-zampa.at\\\/?page_id=23\",\"name\":\"Impressum &amp; DSGVO - Goju Ryu &amp; Ryukyu Kobudo\",\"isPartOf\":{\"@id\":\"https:\\\/\\\/rudi-zampa.at\\\/#website\"},\"datePublished\":\"2023-03-10T07:30:03+00:00\",\"dateModified\":\"2023-03-17T18:29:02+00:00\",\"breadcrumb\":{\"@id\":\"https:\\\/\\\/rudi-zampa.at\\\/?page_id=23#breadcrumb\"},\"inLanguage\":\"de\",\"potentialAction\":[{\"@type\":\"ReadAction\",\"target\":[\"https:\\\/\\\/rudi-zampa.at\\\/?page_id=23\"]}]},{\"@type\":\"BreadcrumbList\",\"@id\":\"https:\\\/\\\/rudi-zampa.at\\\/?page_id=23#breadcrumb\",\"itemListElement\":[{\"@type\":\"ListItem\",\"position\":1,\"name\":\"Startseite\",\"item\":\"https:\\\/\\\/rudi-zampa.at\\\/\"},{\"@type\":\"ListItem\",\"position\":2,\"name\":\"Impressum &amp; DSGVO\"}]},{\"@type\":\"WebSite\",\"@id\":\"https:\\\/\\\/rudi-zampa.at\\\/#website\",\"url\":\"https:\\\/\\\/rudi-zampa.at\\\/\",\"name\":\"Goju Ryu &amp; Ryukyu Kobudo\",\"description\":\"powered by Rudi Zampa\",\"publisher\":{\"@id\":\"https:\\\/\\\/rudi-zampa.at\\\/#organization\"},\"potentialAction\":[{\"@type\":\"SearchAction\",\"target\":{\"@type\":\"EntryPoint\",\"urlTemplate\":\"https:\\\/\\\/rudi-zampa.at\\\/?s={search_term_string}\"},\"query-input\":{\"@type\":\"PropertyValueSpecification\",\"valueRequired\":true,\"valueName\":\"search_term_string\"}}],\"inLanguage\":\"de\"},{\"@type\":\"Organization\",\"@id\":\"https:\\\/\\\/rudi-zampa.at\\\/#organization\",\"name\":\"Goju Ryu &amp; Ryukyu Kobudo\",\"url\":\"https:\\\/\\\/rudi-zampa.at\\\/\",\"logo\":{\"@type\":\"ImageObject\",\"inLanguage\":\"de\",\"@id\":\"https:\\\/\\\/rudi-zampa.at\\\/#\\\/schema\\\/logo\\\/image\\\/\",\"url\":\"https:\\\/\\\/rudi-zampa.at\\\/wp-content\\\/uploads\\\/2023\\\/03\\\/Shimbukan-1-e1678436112858.jpg\",\"contentUrl\":\"https:\\\/\\\/rudi-zampa.at\\\/wp-content\\\/uploads\\\/2023\\\/03\\\/Shimbukan-1-e1678436112858.jpg\",\"width\":1530,\"height\":465,\"caption\":\"Goju Ryu &amp; Ryukyu Kobudo\"},\"image\":{\"@id\":\"https:\\\/\\\/rudi-zampa.at\\\/#\\\/schema\\\/logo\\\/image\\\/\"},\"sameAs\":[\"https:\\\/\\\/www.facebook.com\\\/profile.php?id=100064171203431\"]}]}<\/script>\n<!-- \/ Yoast SEO plugin. -->","yoast_head_json":{"title":"Impressum &amp; DSGVO - Goju Ryu &amp; Ryukyu Kobudo","robots":{"index":"index","follow":"follow","max-snippet":"max-snippet:-1","max-image-preview":"max-image-preview:large","max-video-preview":"max-video-preview:-1"},"canonical":"https:\/\/rudi-zampa.at\/?page_id=23","og_locale":"de_DE","og_type":"article","og_title":"Impressum &amp; DSGVO - Goju Ryu &amp; Ryukyu Kobudo","og_description":"Allgemeines Die Inhalte erheben keinen Anspruch auf Vollst\u00e4ndigkeit. Der Betreiber weist darauf hin, dass die vorgezeigten Inhalte immer von ausgebildetem Personal gelehrt und vermittelt werden sollen und \u00fcbernimmt keine Haftung auf Grund von Verst\u00f6\u00dfen und Verletzungen jeglicher Art. Urheberrecht Die, durch den Seitenbetreiber jundokan@rudi-zampa.at\/ Inh. Ing. Rudolf Zampa, erstellten Inhalte und Werke, unterliegen dem \u00d6sterreichischen [&hellip;]","og_url":"https:\/\/rudi-zampa.at\/?page_id=23","og_site_name":"Goju Ryu &amp; Ryukyu Kobudo","article_publisher":"https:\/\/www.facebook.com\/profile.php?id=100064171203431","article_modified_time":"2023-03-17T18:29:02+00:00","twitter_card":"summary_large_image","twitter_misc":{"Gesch\u00e4tzte Lesezeit":"5\u00a0Minuten"},"schema":{"@context":"https:\/\/schema.org","@graph":[{"@type":"WebPage","@id":"https:\/\/rudi-zampa.at\/?page_id=23","url":"https:\/\/rudi-zampa.at\/?page_id=23","name":"Impressum &amp; DSGVO - Goju Ryu &amp; Ryukyu Kobudo","isPartOf":{"@id":"https:\/\/rudi-zampa.at\/#website"},"datePublished":"2023-03-10T07:30:03+00:00","dateModified":"2023-03-17T18:29:02+00:00","breadcrumb":{"@id":"https:\/\/rudi-zampa.at\/?page_id=23#breadcrumb"},"inLanguage":"de","potentialAction":[{"@type":"ReadAction","target":["https:\/\/rudi-zampa.at\/?page_id=23"]}]},{"@type":"BreadcrumbList","@id":"https:\/\/rudi-zampa.at\/?page_id=23#breadcrumb","itemListElement":[{"@type":"ListItem","position":1,"name":"Startseite","item":"https:\/\/rudi-zampa.at\/"},{"@type":"ListItem","position":2,"name":"Impressum &amp; DSGVO"}]},{"@type":"WebSite","@id":"https:\/\/rudi-zampa.at\/#website","url":"https:\/\/rudi-zampa.at\/","name":"Goju Ryu &amp; Ryukyu Kobudo","description":"powered by Rudi Zampa","publisher":{"@id":"https:\/\/rudi-zampa.at\/#organization"},"potentialAction":[{"@type":"SearchAction","target":{"@type":"EntryPoint","urlTemplate":"https:\/\/rudi-zampa.at\/?s={search_term_string}"},"query-input":{"@type":"PropertyValueSpecification","valueRequired":true,"valueName":"search_term_string"}}],"inLanguage":"de"},{"@type":"Organization","@id":"https:\/\/rudi-zampa.at\/#organization","name":"Goju Ryu &amp; Ryukyu Kobudo","url":"https:\/\/rudi-zampa.at\/","logo":{"@type":"ImageObject","inLanguage":"de","@id":"https:\/\/rudi-zampa.at\/#\/schema\/logo\/image\/","url":"https:\/\/rudi-zampa.at\/wp-content\/uploads\/2023\/03\/Shimbukan-1-e1678436112858.jpg","contentUrl":"https:\/\/rudi-zampa.at\/wp-content\/uploads\/2023\/03\/Shimbukan-1-e1678436112858.jpg","width":1530,"height":465,"caption":"Goju Ryu &amp; Ryukyu Kobudo"},"image":{"@id":"https:\/\/rudi-zampa.at\/#\/schema\/logo\/image\/"},"sameAs":["https:\/\/www.facebook.com\/profile.php?id=100064171203431"]}]}},"_links":{"self":[{"href":"https:\/\/rudi-zampa.at\/index.php?rest_route=\/wp\/v2\/pages\/23","targetHints":{"allow":["GET"]}}],"collection":[{"href":"https:\/\/rudi-zampa.at\/index.php?rest_route=\/wp\/v2\/pages"}],"about":[{"href":"https:\/\/rudi-zampa.at\/index.php?rest_route=\/wp\/v2\/types\/page"}],"author":[{"embeddable":true,"href":"https:\/\/rudi-zampa.at\/index.php?rest_route=\/wp\/v2\/users\/1"}],"replies":[{"embeddable":true,"href":"https:\/\/rudi-zampa.at\/index.php?rest_route=%2Fwp%2Fv2%2Fcomments&post=23"}],"version-history":[{"count":6,"href":"https:\/\/rudi-zampa.at\/index.php?rest_route=\/wp\/v2\/pages\/23\/revisions"}],"predecessor-version":[{"id":190,"href":"https:\/\/rudi-zampa.at\/index.php?rest_route=\/wp\/v2\/pages\/23\/revisions\/190"}],"wp:attachment":[{"href":"https:\/\/rudi-zampa.at\/index.php?rest_route=%2Fwp%2Fv2%2Fmedia&parent=23"}],"curies":[{"name":"wp","href":"https:\/\/api.w.org\/{rel}","templated":true}]}}