{"id":27,"date":"2023-03-10T07:32:40","date_gmt":"2023-03-10T07:32:40","guid":{"rendered":"https:\/\/rudi-zampa.at\/?page_id=27"},"modified":"2023-03-26T14:45:10","modified_gmt":"2023-03-26T14:45:10","slug":"jundokan","status":"publish","type":"page","link":"https:\/\/rudi-zampa.at\/?page_id=27","title":{"rendered":"Jundokan"},"content":{"rendered":"\n<p>In Schwechat trainieren wir die sehr traditionelle Stilrichtung\/Kampfkunst, Okinawa Goju Ryu Jundokan Karate Do. Diese Stilrichtung kommt aus Okinawa -die Wiege des Karate-, einer Insel s\u00fcdlich von Japan, fast auf der H\u00f6he von Taiwan. Das Dojo Jundokan in Naha, der Hauptstadt von Okinawa, wurde 1953 von Eiichi Miyazato, der ein Sch\u00fcler des Stilrichtungsgr\u00fcnder Chojun Miyagi war, gegr\u00fcndet und hat weltweit einige tausend Sch\u00fcler. Seit dem Tode von Seinsei Eiichi Miyazato 1999, wird das Dojo von seinem Sohn, Kancho&nbsp;Yoshihiro Miyazato geleitet.<br>Karate ist eine sehr effektive Kampfkunst, die sowohl den K\u00f6rper als auch den Geist schult.<\/p>\n\n\n<div  id=\"jtg-282\" class=\"modula modula-gallery modula-custom-grid\" data-config=\"{&quot;height&quot;:0,&quot;tabletHeight&quot;:0,&quot;mobileHeight&quot;:0,&quot;desktopHeight&quot;:0,&quot;enableTwitter&quot;:false,&quot;enableWhatsapp&quot;:false,&quot;enableFacebook&quot;:false,&quot;enablePinterest&quot;:false,&quot;enableLinkedin&quot;:false,&quot;enableEmail&quot;:false,&quot;randomFactor&quot;:0,&quot;type&quot;:&quot;custom-grid&quot;,&quot;columns&quot;:12,&quot;gutter&quot;:10,&quot;mobileGutter&quot;:10,&quot;tabletGutter&quot;:10,&quot;desktopGutter&quot;:10,&quot;enableResponsive&quot;:&quot;0&quot;,&quot;tabletColumns&quot;:&quot;2&quot;,&quot;mobileColumns&quot;:&quot;1&quot;,&quot;lazyLoad&quot;:0,&quot;lightboxOpts&quot;:{&quot;animated&quot;:true,&quot;Thumbs&quot;:{&quot;type&quot;:&quot;modern&quot;,&quot;showOnStart&quot;:false},&quot;Toolbar&quot;:{&quot;display&quot;:{&quot;right&quot;:[&quot;close&quot;]},&quot;enabled&quot;:true},&quot;Carousel&quot;:{&quot;Panzoom&quot;:{&quot;touch&quot;:true},&quot;infinite&quot;:false},&quot;keyboard&quot;:{&quot;Escape&quot;:&quot;close&quot;,&quot;Delete&quot;:&quot;close&quot;,&quot;Backspace&quot;:&quot;close&quot;,&quot;PageUp&quot;:false,&quot;PageDown&quot;:false,&quot;ArrowUp&quot;:false,&quot;ArrowDown&quot;:false,&quot;ArrowRight&quot;:false,&quot;ArrowLeft&quot;:false},&quot;touch&quot;:false,&quot;backdropClick&quot;:false,&quot;l10n&quot;:{&quot;CLOSE&quot;:&quot;Schlie\\u00dfen&quot;,&quot;NEXT&quot;:&quot;Weiter&quot;,&quot;PREV&quot;:&quot;Zur\\u00fcck&quot;,&quot;Error&quot;:&quot;Der angeforderte Inhalt kann nicht geladen werden. Bitte versuche es sp\\u00e4ter noch einmal.&quot;,&quot;PLAY_START&quot;:&quot;Slideshow starten&quot;,&quot;PLAY_STOP&quot;:&quot;Slideshow anhalten&quot;,&quot;FULL_SCREEN&quot;:&quot;Vollbild&quot;,&quot;THUMBS&quot;:&quot;Vorschaubilder&quot;,&quot;DOWNLOAD&quot;:&quot;Download&quot;,&quot;SHARE&quot;:&quot;Teilen&quot;,&quot;ZOOM&quot;:&quot;Vergr\\u00f6\\u00dfern&quot;,&quot;EMAIL&quot;:&quot;Hier ist der Link zum Bild: %%image_link%% und hier ist der Link zur Galerie: %%gallery_link%%&quot;,&quot;MODAL&quot;:&quot;Du kannst diesen Modal-Inhalt mit der ESC-Taste schlie\\u00dfen&quot;,&quot;ERROR&quot;:&quot;Es ist ein Fehler aufgetreten. Bitte versuche es sp\\u00e4ter noch einmal&quot;,&quot;IMAGE_ERROR&quot;:&quot;Bild nicht gefunden&quot;,&quot;ELEMENT_NOT_FOUND&quot;:&quot;HTML-Element nicht gefunden&quot;,&quot;AJAX_NOT_FOUND&quot;:&quot;Fehler beim Laden von AJAX: Nicht gefunden&quot;,&quot;AJAX_FORBIDDEN&quot;:&quot;Fehler beim Laden von AJAX: Zugriff verweigert&quot;,&quot;IFRAME_ERROR&quot;:&quot;Fehler beim Laden der Seite&quot;,&quot;TOGGLE_ZOOM&quot;:&quot;Zoomstufe umschalten&quot;,&quot;TOGGLE_THUMBS&quot;:&quot;Miniaturansichten ein-\\\/ausblenden&quot;,&quot;TOGGLE_SLIDESHOW&quot;:&quot;Diashow ein-\\\/ausschalten&quot;,&quot;TOGGLE_FULLSCREEN&quot;:&quot;Vollbildmodus umschalten&quot;},&quot;Images&quot;:{&quot;Panzoom&quot;:{&quot;maxScale&quot;:2}},&quot;mainClass&quot;:&quot;modula-fancybox-container modula-lightbox-jtg-282&quot;,&quot;Html&quot;:{&quot;videoAutoplay&quot;:0,&quot;videoTpl&quot;:&quot;&lt;video class=\\&quot;fancybox__html5video\\&quot; controls muted playsinline controlsList controlsList=\\&quot;nodownload\\&quot; poster=\\&quot;{{poster}}\\&quot; src=\\&quot;{{src}}\\&quot; type=\\&quot;{{format}}\\&quot; &gt;  Sorry, your browser doesn&#039;t support embedded videos, &lt;a href=\\&quot;{{src}}\\&quot;&gt; download &lt;\\\/a&gt; and watch with your favorite video player! &lt;\\\/video&gt;&quot;}},&quot;inView&quot;:false,&quot;email_subject&quot;:&quot;Check out this awesome image !!&quot;,&quot;email_message&quot;:&quot;Here is the link to the image : %%image_link%% and this is the link to the gallery : %%gallery_link%%&quot;,&quot;lightbox&quot;:&quot;fancybox&quot;}\">\n\n\t\n\t<div  class=\"modula-items\">\n\t\t<div class=\"modula-item effect-pufrobo\" data-width=\"2\" data-height=\"2\" >\n\t<div class=\"modula-item-overlay\"><\/div>\n\n\t<div class=\"modula-item-content\">\n\n\t\t<a data-image-id=\"273\" role=\"button\" tabindex=\"0\" rel=\"jtg-282\" data-caption=\"\" aria-label=\"Bilder in Lightbox \u00f6ffnen\" class=\"tile-inner modula-item-link\"><\/a><img loading=\"lazy\" decoding=\"async\" class=\"pic wp-image-273\"  data-valign=\"middle\" data-halign=\"center\" alt=\"\" data-full=\"https:\/\/rudi-zampa.at\/wp-content\/uploads\/2023\/03\/jbild7.jpg\" title=\"jbild7\" crop=\"\" width=\"300\" height=\"169\" src=\"https:\/\/rudi-zampa.at\/wp-content\/uploads\/2023\/03\/jbild7-300x169.jpg\" data-src=\"https:\/\/rudi-zampa.at\/wp-content\/uploads\/2023\/03\/jbild7-300x169.jpg\" data-caption=\"\" srcset=\"https:\/\/rudi-zampa.at\/wp-content\/uploads\/2023\/03\/jbild7.jpg 1920w, https:\/\/rudi-zampa.at\/wp-content\/uploads\/2023\/03\/jbild7-300x169.jpg 300w, https:\/\/rudi-zampa.at\/wp-content\/uploads\/2023\/03\/jbild7-1024x576.jpg 1024w, https:\/\/rudi-zampa.at\/wp-content\/uploads\/2023\/03\/jbild7-768x432.jpg 768w, https:\/\/rudi-zampa.at\/wp-content\/uploads\/2023\/03\/jbild7-1536x864.jpg 1536w, https:\/\/rudi-zampa.at\/wp-content\/uploads\/2023\/03\/jbild7-1280x720.jpg 1280w\" sizes=\"auto, (max-width: 300px) 100vw, 300px\" \/>\n\t\t<div class=\"figc no-description\">\n\t\t\t<div class=\"figc-inner\">\n\t\t\t\t\t\t\t\t\t\t\t\t\t\t\t<\/div>\n\t\t<\/div>\n\n\t<\/div>\n\n<\/div><div class=\"modula-item effect-pufrobo\" data-width=\"2\" data-height=\"2\" >\n\t<div class=\"modula-item-overlay\"><\/div>\n\n\t<div class=\"modula-item-content\">\n\n\t\t<a data-image-id=\"240\" role=\"button\" tabindex=\"0\" rel=\"jtg-282\" data-caption=\"\" aria-label=\"Bilder in Lightbox \u00f6ffnen\" class=\"tile-inner modula-item-link\"><\/a><img loading=\"lazy\" decoding=\"async\" class=\"pic wp-image-240\"  data-valign=\"middle\" data-halign=\"center\" alt=\"\" data-full=\"https:\/\/rudi-zampa.at\/wp-content\/uploads\/2023\/03\/jbild6.png\" title=\"jbild6\" crop=\"\" width=\"300\" height=\"169\" src=\"https:\/\/rudi-zampa.at\/wp-content\/uploads\/2023\/03\/jbild6-300x169.png\" data-src=\"https:\/\/rudi-zampa.at\/wp-content\/uploads\/2023\/03\/jbild6-300x169.png\" data-caption=\"\" srcset=\"https:\/\/rudi-zampa.at\/wp-content\/uploads\/2023\/03\/jbild6.png 554w, https:\/\/rudi-zampa.at\/wp-content\/uploads\/2023\/03\/jbild6-300x169.png 300w\" sizes=\"auto, (max-width: 300px) 100vw, 300px\" \/>\n\t\t<div class=\"figc no-description\">\n\t\t\t<div class=\"figc-inner\">\n\t\t\t\t\t\t\t\t\t\t\t\t\t\t\t<\/div>\n\t\t<\/div>\n\n\t<\/div>\n\n<\/div><div class=\"modula-item effect-pufrobo\" data-width=\"2\" data-height=\"2\" >\n\t<div class=\"modula-item-overlay\"><\/div>\n\n\t<div class=\"modula-item-content\">\n\n\t\t<a data-image-id=\"239\" role=\"button\" tabindex=\"0\" rel=\"jtg-282\" data-caption=\"\" aria-label=\"Bilder in Lightbox \u00f6ffnen\" class=\"tile-inner modula-item-link\"><\/a><img loading=\"lazy\" decoding=\"async\" class=\"pic wp-image-239\"  data-valign=\"middle\" data-halign=\"center\" alt=\"\" data-full=\"https:\/\/rudi-zampa.at\/wp-content\/uploads\/2023\/03\/jbild5.png\" title=\"jbild5\" crop=\"\" width=\"300\" height=\"169\" src=\"https:\/\/rudi-zampa.at\/wp-content\/uploads\/2023\/03\/jbild5-300x169.png\" data-src=\"https:\/\/rudi-zampa.at\/wp-content\/uploads\/2023\/03\/jbild5-300x169.png\" data-caption=\"\" srcset=\"https:\/\/rudi-zampa.at\/wp-content\/uploads\/2023\/03\/jbild5.png 1587w, https:\/\/rudi-zampa.at\/wp-content\/uploads\/2023\/03\/jbild5-300x169.png 300w, https:\/\/rudi-zampa.at\/wp-content\/uploads\/2023\/03\/jbild5-1024x576.png 1024w, https:\/\/rudi-zampa.at\/wp-content\/uploads\/2023\/03\/jbild5-768x432.png 768w, https:\/\/rudi-zampa.at\/wp-content\/uploads\/2023\/03\/jbild5-1536x864.png 1536w, https:\/\/rudi-zampa.at\/wp-content\/uploads\/2023\/03\/jbild5-1280x720.png 1280w\" sizes=\"auto, (max-width: 300px) 100vw, 300px\" \/>\n\t\t<div class=\"figc no-description\">\n\t\t\t<div class=\"figc-inner\">\n\t\t\t\t\t\t\t\t\t\t\t\t\t\t\t<\/div>\n\t\t<\/div>\n\n\t<\/div>\n\n<\/div><div class=\"modula-item effect-pufrobo\" data-width=\"2\" data-height=\"2\" >\n\t<div class=\"modula-item-overlay\"><\/div>\n\n\t<div class=\"modula-item-content\">\n\n\t\t<a data-image-id=\"238\" role=\"button\" tabindex=\"0\" rel=\"jtg-282\" data-caption=\"\" aria-label=\"Bilder in Lightbox \u00f6ffnen\" class=\"tile-inner modula-item-link\"><\/a><img loading=\"lazy\" decoding=\"async\" class=\"pic wp-image-238\"  data-valign=\"middle\" data-halign=\"center\" alt=\"\" data-full=\"https:\/\/rudi-zampa.at\/wp-content\/uploads\/2023\/03\/jbild4.png\" title=\"jbild4\" crop=\"\" width=\"300\" height=\"218\" src=\"https:\/\/rudi-zampa.at\/wp-content\/uploads\/2023\/03\/jbild4-300x218.png\" data-src=\"https:\/\/rudi-zampa.at\/wp-content\/uploads\/2023\/03\/jbild4-300x218.png\" data-caption=\"\" srcset=\"https:\/\/rudi-zampa.at\/wp-content\/uploads\/2023\/03\/jbild4.png 768w, https:\/\/rudi-zampa.at\/wp-content\/uploads\/2023\/03\/jbild4-300x218.png 300w\" sizes=\"auto, (max-width: 300px) 100vw, 300px\" \/>\n\t\t<div class=\"figc no-description\">\n\t\t\t<div class=\"figc-inner\">\n\t\t\t\t\t\t\t\t\t\t\t\t\t\t\t<\/div>\n\t\t<\/div>\n\n\t<\/div>\n\n<\/div><div class=\"modula-item effect-pufrobo\" data-width=\"2\" data-height=\"2\" >\n\t<div class=\"modula-item-overlay\"><\/div>\n\n\t<div class=\"modula-item-content\">\n\n\t\t<a data-image-id=\"237\" role=\"button\" tabindex=\"0\" rel=\"jtg-282\" data-caption=\"\" aria-label=\"Bilder in Lightbox \u00f6ffnen\" class=\"tile-inner modula-item-link\"><\/a><img loading=\"lazy\" decoding=\"async\" class=\"pic wp-image-237\"  data-valign=\"middle\" data-halign=\"center\" alt=\"\" data-full=\"https:\/\/rudi-zampa.at\/wp-content\/uploads\/2023\/03\/jbild3.png\" title=\"jbild3\" crop=\"\" width=\"300\" height=\"231\" src=\"https:\/\/rudi-zampa.at\/wp-content\/uploads\/2023\/03\/jbild3-300x231.png\" data-src=\"https:\/\/rudi-zampa.at\/wp-content\/uploads\/2023\/03\/jbild3-300x231.png\" data-caption=\"\" srcset=\"https:\/\/rudi-zampa.at\/wp-content\/uploads\/2023\/03\/jbild3.png 1104w, https:\/\/rudi-zampa.at\/wp-content\/uploads\/2023\/03\/jbild3-300x231.png 300w, https:\/\/rudi-zampa.at\/wp-content\/uploads\/2023\/03\/jbild3-1024x788.png 1024w, https:\/\/rudi-zampa.at\/wp-content\/uploads\/2023\/03\/jbild3-768x591.png 768w\" sizes=\"auto, (max-width: 300px) 100vw, 300px\" \/>\n\t\t<div class=\"figc no-description\">\n\t\t\t<div class=\"figc-inner\">\n\t\t\t\t\t\t\t\t\t\t\t\t\t\t\t<\/div>\n\t\t<\/div>\n\n\t<\/div>\n\n<\/div><div class=\"modula-item effect-pufrobo\" data-width=\"2\" data-height=\"2\" >\n\t<div class=\"modula-item-overlay\"><\/div>\n\n\t<div class=\"modula-item-content\">\n\n\t\t<a data-image-id=\"236\" role=\"button\" tabindex=\"0\" rel=\"jtg-282\" data-caption=\"\" aria-label=\"Bilder in Lightbox \u00f6ffnen\" class=\"tile-inner modula-item-link\"><\/a><img loading=\"lazy\" decoding=\"async\" class=\"pic wp-image-236\"  data-valign=\"middle\" data-halign=\"center\" alt=\"\" data-full=\"https:\/\/rudi-zampa.at\/wp-content\/uploads\/2023\/03\/jbild2.png\" title=\"jbild2\" crop=\"\" width=\"300\" height=\"183\" src=\"https:\/\/rudi-zampa.at\/wp-content\/uploads\/2023\/03\/jbild2-300x183.png\" data-src=\"https:\/\/rudi-zampa.at\/wp-content\/uploads\/2023\/03\/jbild2-300x183.png\" data-caption=\"\" srcset=\"https:\/\/rudi-zampa.at\/wp-content\/uploads\/2023\/03\/jbild2.png 1206w, https:\/\/rudi-zampa.at\/wp-content\/uploads\/2023\/03\/jbild2-300x183.png 300w, https:\/\/rudi-zampa.at\/wp-content\/uploads\/2023\/03\/jbild2-1024x626.png 1024w, https:\/\/rudi-zampa.at\/wp-content\/uploads\/2023\/03\/jbild2-768x469.png 768w\" sizes=\"auto, (max-width: 300px) 100vw, 300px\" \/>\n\t\t<div class=\"figc no-description\">\n\t\t\t<div class=\"figc-inner\">\n\t\t\t\t\t\t\t\t\t\t\t\t\t\t\t<\/div>\n\t\t<\/div>\n\n\t<\/div>\n\n<\/div><div class=\"modula-item effect-pufrobo\" data-width=\"2\" data-height=\"2\" >\n\t<div class=\"modula-item-overlay\"><\/div>\n\n\t<div class=\"modula-item-content\">\n\n\t\t<a data-image-id=\"235\" role=\"button\" tabindex=\"0\" rel=\"jtg-282\" data-caption=\"\" aria-label=\"Bilder in Lightbox \u00f6ffnen\" class=\"tile-inner modula-item-link\"><\/a><img loading=\"lazy\" decoding=\"async\" class=\"pic wp-image-235\"  data-valign=\"middle\" data-halign=\"center\" alt=\"\" data-full=\"https:\/\/rudi-zampa.at\/wp-content\/uploads\/2023\/03\/jbild1.png\" title=\"jbild1\" crop=\"\" width=\"300\" height=\"192\" src=\"https:\/\/rudi-zampa.at\/wp-content\/uploads\/2023\/03\/jbild1-300x192.png\" data-src=\"https:\/\/rudi-zampa.at\/wp-content\/uploads\/2023\/03\/jbild1-300x192.png\" data-caption=\"\" srcset=\"https:\/\/rudi-zampa.at\/wp-content\/uploads\/2023\/03\/jbild1.png 1252w, https:\/\/rudi-zampa.at\/wp-content\/uploads\/2023\/03\/jbild1-300x192.png 300w, https:\/\/rudi-zampa.at\/wp-content\/uploads\/2023\/03\/jbild1-1024x654.png 1024w, https:\/\/rudi-zampa.at\/wp-content\/uploads\/2023\/03\/jbild1-768x491.png 768w\" sizes=\"auto, (max-width: 300px) 100vw, 300px\" \/>\n\t\t<div class=\"figc no-description\">\n\t\t\t<div class=\"figc-inner\">\n\t\t\t\t\t\t\t\t\t\t\t\t\t\t\t<\/div>\n\t\t<\/div>\n\n\t<\/div>\n\n<\/div>\t\t\n\t<\/div>\n\n\t\n\t\n\t<script type=\"application\/ld+json\">\n\t{\n\t\t\"@context\": \"http:\/\/schema.org\",\n\t\t\"@type\"   : \"ImageGallery\",\n\t\t\"id\"      : \"https:\/\/rudi-zampa.at\/?page_id=27\/\",\n\t\t\"url\"     : \"https:\/\/rudi-zampa.at\/?page_id=27\/\"\n\t}\n\n\t<\/script>\n\n\t\n<\/div>\n","protected":false},"excerpt":{"rendered":"<p>In Schwechat trainieren wir die sehr traditionelle Stilrichtung\/Kampfkunst, Okinawa Goju Ryu Jundokan Karate Do. Diese Stilrichtung kommt aus Okinawa -die Wiege des Karate-, einer Insel s\u00fcdlich von Japan, fast auf der H\u00f6he von Taiwan. Das Dojo Jundokan in Naha, der Hauptstadt von Okinawa, wurde 1953 von Eiichi Miyazato, der ein Sch\u00fcler des Stilrichtungsgr\u00fcnder Chojun Miyagi [&hellip;]<\/p>\n","protected":false},"author":1,"featured_media":0,"parent":0,"menu_order":0,"comment_status":"closed","ping_status":"closed","template":"","meta":{"ngg_post_thumbnail":0,"footnotes":""},"class_list":["post-27","page","type-page","status-publish","hentry"],"yoast_head":"<!-- This site is optimized with the Yoast SEO plugin v27.4 - https:\/\/yoast.com\/product\/yoast-seo-wordpress\/ -->\n<title>Jundokan - Goju Ryu &amp; Ryukyu Kobudo<\/title>\n<meta name=\"robots\" content=\"index, follow, max-snippet:-1, max-image-preview:large, max-video-preview:-1\" \/>\n<link rel=\"canonical\" href=\"https:\/\/rudi-zampa.at\/?page_id=27\" \/>\n<meta property=\"og:locale\" content=\"de_DE\" \/>\n<meta property=\"og:type\" content=\"article\" \/>\n<meta property=\"og:title\" content=\"Jundokan - Goju Ryu &amp; Ryukyu Kobudo\" \/>\n<meta property=\"og:description\" content=\"In Schwechat trainieren wir die sehr traditionelle Stilrichtung\/Kampfkunst, Okinawa Goju Ryu Jundokan Karate Do. Diese Stilrichtung kommt aus Okinawa -die Wiege des Karate-, einer Insel s\u00fcdlich von Japan, fast auf der H\u00f6he von Taiwan. Das Dojo Jundokan in Naha, der Hauptstadt von Okinawa, wurde 1953 von Eiichi Miyazato, der ein Sch\u00fcler des Stilrichtungsgr\u00fcnder Chojun Miyagi [&hellip;]\" \/>\n<meta property=\"og:url\" content=\"https:\/\/rudi-zampa.at\/?page_id=27\" \/>\n<meta property=\"og:site_name\" content=\"Goju Ryu &amp; Ryukyu Kobudo\" \/>\n<meta property=\"article:publisher\" content=\"https:\/\/www.facebook.com\/profile.php?id=100064171203431\" \/>\n<meta property=\"article:modified_time\" content=\"2023-03-26T14:45:10+00:00\" \/>\n<meta name=\"twitter:card\" content=\"summary_large_image\" \/>\n<meta name=\"twitter:label1\" content=\"Gesch\u00e4tzte Lesezeit\" \/>\n\t<meta name=\"twitter:data1\" content=\"1\u00a0Minute\" \/>\n<script type=\"application\/ld+json\" class=\"yoast-schema-graph\">{\"@context\":\"https:\\\/\\\/schema.org\",\"@graph\":[{\"@type\":\"WebPage\",\"@id\":\"https:\\\/\\\/rudi-zampa.at\\\/?page_id=27\",\"url\":\"https:\\\/\\\/rudi-zampa.at\\\/?page_id=27\",\"name\":\"Jundokan - Goju Ryu &amp; Ryukyu Kobudo\",\"isPartOf\":{\"@id\":\"https:\\\/\\\/rudi-zampa.at\\\/#website\"},\"datePublished\":\"2023-03-10T07:32:40+00:00\",\"dateModified\":\"2023-03-26T14:45:10+00:00\",\"breadcrumb\":{\"@id\":\"https:\\\/\\\/rudi-zampa.at\\\/?page_id=27#breadcrumb\"},\"inLanguage\":\"de\",\"potentialAction\":[{\"@type\":\"ReadAction\",\"target\":[\"https:\\\/\\\/rudi-zampa.at\\\/?page_id=27\"]}]},{\"@type\":\"BreadcrumbList\",\"@id\":\"https:\\\/\\\/rudi-zampa.at\\\/?page_id=27#breadcrumb\",\"itemListElement\":[{\"@type\":\"ListItem\",\"position\":1,\"name\":\"Startseite\",\"item\":\"https:\\\/\\\/rudi-zampa.at\\\/\"},{\"@type\":\"ListItem\",\"position\":2,\"name\":\"Jundokan\"}]},{\"@type\":\"WebSite\",\"@id\":\"https:\\\/\\\/rudi-zampa.at\\\/#website\",\"url\":\"https:\\\/\\\/rudi-zampa.at\\\/\",\"name\":\"Goju Ryu &amp; Ryukyu Kobudo\",\"description\":\"powered by Rudi Zampa\",\"publisher\":{\"@id\":\"https:\\\/\\\/rudi-zampa.at\\\/#organization\"},\"potentialAction\":[{\"@type\":\"SearchAction\",\"target\":{\"@type\":\"EntryPoint\",\"urlTemplate\":\"https:\\\/\\\/rudi-zampa.at\\\/?s={search_term_string}\"},\"query-input\":{\"@type\":\"PropertyValueSpecification\",\"valueRequired\":true,\"valueName\":\"search_term_string\"}}],\"inLanguage\":\"de\"},{\"@type\":\"Organization\",\"@id\":\"https:\\\/\\\/rudi-zampa.at\\\/#organization\",\"name\":\"Goju Ryu &amp; Ryukyu Kobudo\",\"url\":\"https:\\\/\\\/rudi-zampa.at\\\/\",\"logo\":{\"@type\":\"ImageObject\",\"inLanguage\":\"de\",\"@id\":\"https:\\\/\\\/rudi-zampa.at\\\/#\\\/schema\\\/logo\\\/image\\\/\",\"url\":\"https:\\\/\\\/rudi-zampa.at\\\/wp-content\\\/uploads\\\/2023\\\/03\\\/Shimbukan-1-e1678436112858.jpg\",\"contentUrl\":\"https:\\\/\\\/rudi-zampa.at\\\/wp-content\\\/uploads\\\/2023\\\/03\\\/Shimbukan-1-e1678436112858.jpg\",\"width\":1530,\"height\":465,\"caption\":\"Goju Ryu &amp; Ryukyu Kobudo\"},\"image\":{\"@id\":\"https:\\\/\\\/rudi-zampa.at\\\/#\\\/schema\\\/logo\\\/image\\\/\"},\"sameAs\":[\"https:\\\/\\\/www.facebook.com\\\/profile.php?id=100064171203431\"]}]}<\/script>\n<!-- \/ Yoast SEO plugin. -->","yoast_head_json":{"title":"Jundokan - Goju Ryu &amp; Ryukyu Kobudo","robots":{"index":"index","follow":"follow","max-snippet":"max-snippet:-1","max-image-preview":"max-image-preview:large","max-video-preview":"max-video-preview:-1"},"canonical":"https:\/\/rudi-zampa.at\/?page_id=27","og_locale":"de_DE","og_type":"article","og_title":"Jundokan - Goju Ryu &amp; Ryukyu Kobudo","og_description":"In Schwechat trainieren wir die sehr traditionelle Stilrichtung\/Kampfkunst, Okinawa Goju Ryu Jundokan Karate Do. Diese Stilrichtung kommt aus Okinawa -die Wiege des Karate-, einer Insel s\u00fcdlich von Japan, fast auf der H\u00f6he von Taiwan. Das Dojo Jundokan in Naha, der Hauptstadt von Okinawa, wurde 1953 von Eiichi Miyazato, der ein Sch\u00fcler des Stilrichtungsgr\u00fcnder Chojun Miyagi [&hellip;]","og_url":"https:\/\/rudi-zampa.at\/?page_id=27","og_site_name":"Goju Ryu &amp; Ryukyu Kobudo","article_publisher":"https:\/\/www.facebook.com\/profile.php?id=100064171203431","article_modified_time":"2023-03-26T14:45:10+00:00","twitter_card":"summary_large_image","twitter_misc":{"Gesch\u00e4tzte Lesezeit":"1\u00a0Minute"},"schema":{"@context":"https:\/\/schema.org","@graph":[{"@type":"WebPage","@id":"https:\/\/rudi-zampa.at\/?page_id=27","url":"https:\/\/rudi-zampa.at\/?page_id=27","name":"Jundokan - Goju Ryu &amp; Ryukyu Kobudo","isPartOf":{"@id":"https:\/\/rudi-zampa.at\/#website"},"datePublished":"2023-03-10T07:32:40+00:00","dateModified":"2023-03-26T14:45:10+00:00","breadcrumb":{"@id":"https:\/\/rudi-zampa.at\/?page_id=27#breadcrumb"},"inLanguage":"de","potentialAction":[{"@type":"ReadAction","target":["https:\/\/rudi-zampa.at\/?page_id=27"]}]},{"@type":"BreadcrumbList","@id":"https:\/\/rudi-zampa.at\/?page_id=27#breadcrumb","itemListElement":[{"@type":"ListItem","position":1,"name":"Startseite","item":"https:\/\/rudi-zampa.at\/"},{"@type":"ListItem","position":2,"name":"Jundokan"}]},{"@type":"WebSite","@id":"https:\/\/rudi-zampa.at\/#website","url":"https:\/\/rudi-zampa.at\/","name":"Goju Ryu &amp; Ryukyu Kobudo","description":"powered by Rudi Zampa","publisher":{"@id":"https:\/\/rudi-zampa.at\/#organization"},"potentialAction":[{"@type":"SearchAction","target":{"@type":"EntryPoint","urlTemplate":"https:\/\/rudi-zampa.at\/?s={search_term_string}"},"query-input":{"@type":"PropertyValueSpecification","valueRequired":true,"valueName":"search_term_string"}}],"inLanguage":"de"},{"@type":"Organization","@id":"https:\/\/rudi-zampa.at\/#organization","name":"Goju Ryu &amp; Ryukyu Kobudo","url":"https:\/\/rudi-zampa.at\/","logo":{"@type":"ImageObject","inLanguage":"de","@id":"https:\/\/rudi-zampa.at\/#\/schema\/logo\/image\/","url":"https:\/\/rudi-zampa.at\/wp-content\/uploads\/2023\/03\/Shimbukan-1-e1678436112858.jpg","contentUrl":"https:\/\/rudi-zampa.at\/wp-content\/uploads\/2023\/03\/Shimbukan-1-e1678436112858.jpg","width":1530,"height":465,"caption":"Goju Ryu &amp; Ryukyu Kobudo"},"image":{"@id":"https:\/\/rudi-zampa.at\/#\/schema\/logo\/image\/"},"sameAs":["https:\/\/www.facebook.com\/profile.php?id=100064171203431"]}]}},"_links":{"self":[{"href":"https:\/\/rudi-zampa.at\/index.php?rest_route=\/wp\/v2\/pages\/27","targetHints":{"allow":["GET"]}}],"collection":[{"href":"https:\/\/rudi-zampa.at\/index.php?rest_route=\/wp\/v2\/pages"}],"about":[{"href":"https:\/\/rudi-zampa.at\/index.php?rest_route=\/wp\/v2\/types\/page"}],"author":[{"embeddable":true,"href":"https:\/\/rudi-zampa.at\/index.php?rest_route=\/wp\/v2\/users\/1"}],"replies":[{"embeddable":true,"href":"https:\/\/rudi-zampa.at\/index.php?rest_route=%2Fwp%2Fv2%2Fcomments&post=27"}],"version-history":[{"count":12,"href":"https:\/\/rudi-zampa.at\/index.php?rest_route=\/wp\/v2\/pages\/27\/revisions"}],"predecessor-version":[{"id":283,"href":"https:\/\/rudi-zampa.at\/index.php?rest_route=\/wp\/v2\/pages\/27\/revisions\/283"}],"wp:attachment":[{"href":"https:\/\/rudi-zampa.at\/index.php?rest_route=%2Fwp%2Fv2%2Fmedia&parent=27"}],"curies":[{"name":"wp","href":"https:\/\/api.w.org\/{rel}","templated":true}]}}